{"id":200,"date":"2023-01-02T10:24:21","date_gmt":"2023-01-02T10:24:21","guid":{"rendered":"http:\/\/www.doortech.com.tr\/?page_id=200"},"modified":"2023-02-16T13:47:15","modified_gmt":"2023-02-16T13:47:15","slug":"uretim-bandi","status":"publish","type":"page","link":"http:\/\/www.doortech.com.tr\/ru\/uretim-bandi\/","title":{"rendered":"\u041f\u0440\u043e\u0438\u0437\u0432\u043e\u0434\u0441\u0442\u0432\u0435\u043d\u043d\u0430\u044f \u043b\u0438\u043d\u0438\u044f"},"content":{"rendered":"<div data-elementor-type=\"wp-page\" data-elementor-id=\"200\" class=\"elementor elementor-200\">\n\t\t\t\t\t\t\t\t\t<section class=\"elementor-section elementor-top-section elementor-element elementor-element-8b6cc80 elementor-section-boxed elementor-section-height-default elementor-section-height-default\" data-id=\"8b6cc80\" data-element_type=\"section\" data-settings=\"{&quot;background_background&quot;:&quot;classic&quot;}\">\n\t\t\t\t\t\t\t<div class=\"elementor-background-overlay\"><\/div>\n\t\t\t\t\t\t\t<div class=\"elementor-container elementor-column-gap-default\">\n\t\t\t\t\t<div class=\"elementor-column elementor-col-50 elementor-top-column elementor-element elementor-element-8159e4d\" data-id=\"8159e4d\" data-element_type=\"column\">\n\t\t\t<div class=\"elementor-widget-wrap elementor-element-populated\">\n\t\t\t\t\t\t\t\t<div class=\"elementor-element elementor-element-e14221d elementor-widget elementor-widget-heading\" data-id=\"e14221d\" data-element_type=\"widget\" data-settings=\"{&quot;ekit_we_effect_on&quot;:&quot;none&quot;}\" data-widget_type=\"heading.default\">\n\t\t\t\t<div class=\"elementor-widget-container\">\n\t\t\t<style>\/*! elementor - v3.11.0 - 13-02-2023 *\/\n.elementor-heading-title{padding:0;margin:0;line-height:1}.elementor-widget-heading .elementor-heading-title[class*=elementor-size-]>a{color:inherit;font-size:inherit;line-height:inherit}.elementor-widget-heading .elementor-heading-title.elementor-size-small{font-size:15px}.elementor-widget-heading .elementor-heading-title.elementor-size-medium{font-size:19px}.elementor-widget-heading .elementor-heading-title.elementor-size-large{font-size:29px}.elementor-widget-heading .elementor-heading-title.elementor-size-xl{font-size:39px}.elementor-widget-heading .elementor-heading-title.elementor-size-xxl{font-size:59px}<\/style><h6 class=\"elementor-heading-title elementor-size-default\">\u041f\u0440\u043e \u041d\u0430\u0441<\/h6>\t\t<\/div>\n\t\t\t\t<\/div>\n\t\t\t\t<div class=\"elementor-element elementor-element-91e304c elementor-widget elementor-widget-heading\" data-id=\"91e304c\" data-element_type=\"widget\" data-settings=\"{&quot;ekit_we_effect_on&quot;:&quot;none&quot;}\" data-widget_type=\"heading.default\">\n\t\t\t\t<div class=\"elementor-widget-container\">\n\t\t\t<h1 class=\"elementor-heading-title elementor-size-default\">\u041c\u0438\u043d\u0438\u043c\u0430\u043b\u044c\u043d\u043e\u0435 \u043f\u043e\u0442\u0440\u0435\u0431\u043b\u0435\u043d\u0438\u0435 \u044d\u043d\u0435\u0440\u0433\u0438\u0438<\/h1>\t\t<\/div>\n\t\t\t\t<\/div>\n\t\t\t\t<div class=\"elementor-element elementor-element-6be828d elementor-widget elementor-widget-heading\" data-id=\"6be828d\" data-element_type=\"widget\" data-settings=\"{&quot;ekit_we_effect_on&quot;:&quot;none&quot;}\" data-widget_type=\"heading.default\">\n\t\t\t\t<div class=\"elementor-widget-container\">\n\t\t\t<h4 class=\"elementor-heading-title elementor-size-default\">\u041c\u044b \u0441\u0442\u0440\u0435\u043c\u0438\u043c\u0441\u044f \u043f\u043e\u0432\u044b\u0441\u0438\u0442\u044c \u043f\u0440\u0438\u0431\u044b\u043b\u044c\u043d\u043e\u0441\u0442\u044c \u043d\u0430\u0448\u0438\u0445 \u043a\u043b\u0438\u0435\u043d\u0442\u043e\u0432, \u0440\u0430\u0437\u0440\u0430\u0431\u0430\u0442\u044b\u0432\u0430\u044f \u043f\u0440\u043e\u0434\u0443\u043a\u0442\u044b, \u043e\u0431\u0435\u0441\u043f\u0435\u0447\u0438\u0432\u0430\u044e\u0449\u0438\u0435 \u043c\u0438\u043d\u0438\u043c\u0430\u043b\u044c\u043d\u043e\u0435 \u043f\u043e\u0442\u0440\u0435\u0431\u043b\u0435\u043d\u0438\u0435 \u044d\u043d\u0435\u0440\u0433\u0438\u0438 \u0432 \u043d\u0430\u0448\u0438\u0445 \u043a\u043e\u043d\u0441\u0442\u0440\u0443\u043a\u0446\u0438\u044f\u0445.<\/h4>\t\t<\/div>\n\t\t\t\t<\/div>\n\t\t\t\t\t<\/div>\n\t\t<\/div>\n\t\t\t\t<div class=\"elementor-column elementor-col-50 elementor-top-column elementor-element elementor-element-3b41778\" data-id=\"3b41778\" data-element_type=\"column\" data-settings=\"{&quot;background_background&quot;:&quot;classic&quot;}\">\n\t\t\t<div class=\"elementor-widget-wrap elementor-element-populated\">\n\t\t\t\t\t\t\t\t<div class=\"elementor-element elementor-element-2d16b2f elementor-widget elementor-widget-elementskit-video\" data-id=\"2d16b2f\" data-element_type=\"widget\" data-settings=\"{&quot;ekit_we_effect_on&quot;:&quot;none&quot;}\" data-widget_type=\"elementskit-video.default\">\n\t\t\t\t<div class=\"elementor-widget-container\">\n\t\t\t<div class=\"ekit-wid-con\" >\t\t<div class=\"video-content\" data-video-player=\"[&quot;duration&quot;]\" data-video-setting=\"{&quot;videoVolume&quot;:&quot;horizontal&quot;,&quot;startVolume&quot;:0.8,&quot;videoType&quot;:&quot;iframe&quot;,&quot;videoClass&quot;:&quot;mfp-fade&quot;}\">\n\t\t\t\n<a class=\"ekit_icon_button glow-btn ekit-video-popup ekit-video-popup-btn\" href=\"https:\/\/www.youtube.com\/embed\/kBpBomVijXk?feature=oembed?playlist=kBpBomVijXk&amp;mute=0&amp;autoplay=0&amp;loop=no&amp;controls=0&amp;start=0&amp;end=\">\n\t\t\t\t<i aria-hidden=\"true\" class=\"fas fa-play\"><\/i>\t\t<\/a>\t\t\t\t\t<\/div>\n\t\t<\/div>\t\t<\/div>\n\t\t\t\t<\/div>\n\t\t\t\t<div class=\"elementor-element elementor-element-846ced2 elementor-widget elementor-widget-heading\" data-id=\"846ced2\" data-element_type=\"widget\" data-settings=\"{&quot;ekit_we_effect_on&quot;:&quot;none&quot;}\" data-widget_type=\"heading.default\">\n\t\t\t\t<div class=\"elementor-widget-container\">\n\t\t\t<h6 class=\"elementor-heading-title elementor-size-default\">\u0418\u043d\u0442\u0440\u043e\u0434\u0443\u043a\u0446\u0438\u044f<\/h6>\t\t<\/div>\n\t\t\t\t<\/div>\n\t\t\t\t\t<\/div>\n\t\t<\/div>\n\t\t\t\t\t\t\t<\/div>\n\t\t<\/section>\n\t\t\t\t<section class=\"elementor-section elementor-top-section elementor-element elementor-element-6c0a7473 elementor-section-boxed elementor-section-height-default elementor-section-height-default\" data-id=\"6c0a7473\" data-element_type=\"section\">\n\t\t\t\t\t\t<div class=\"elementor-container elementor-column-gap-default\">\n\t\t\t\t\t<div class=\"elementor-column elementor-col-100 elementor-top-column elementor-element elementor-element-45a4db85\" data-id=\"45a4db85\" data-element_type=\"column\">\n\t\t\t<div class=\"elementor-widget-wrap elementor-element-populated\">\n\t\t\t\t\t\t\t\t<div class=\"elementor-element elementor-element-ac7fe4c gallery-spacing-custom elementor-widget elementor-widget-image-gallery\" data-id=\"ac7fe4c\" data-element_type=\"widget\" data-settings=\"{&quot;ekit_we_effect_on&quot;:&quot;none&quot;}\" data-widget_type=\"image-gallery.default\">\n\t\t\t\t<div class=\"elementor-widget-container\">\n\t\t\t<style>\/*! elementor - v3.11.0 - 13-02-2023 *\/\n.elementor-image-gallery .gallery-item{display:inline-block;text-align:center;vertical-align:top;width:100%;max-width:100%;margin:0 auto}.elementor-image-gallery .gallery-item img{margin:0 auto}.elementor-image-gallery .gallery-item .gallery-caption{margin:0}.elementor-image-gallery figure img{display:block}.elementor-image-gallery figure figcaption{width:100%}.gallery-spacing-custom .elementor-image-gallery .gallery-icon{padding:0}@media (min-width:768px){.elementor-image-gallery .gallery-columns-2 .gallery-item{max-width:50%}.elementor-image-gallery .gallery-columns-3 .gallery-item{max-width:33.33%}.elementor-image-gallery .gallery-columns-4 .gallery-item{max-width:25%}.elementor-image-gallery .gallery-columns-5 .gallery-item{max-width:20%}.elementor-image-gallery .gallery-columns-6 .gallery-item{max-width:16.666%}.elementor-image-gallery .gallery-columns-7 .gallery-item{max-width:14.28%}.elementor-image-gallery .gallery-columns-8 .gallery-item{max-width:12.5%}.elementor-image-gallery .gallery-columns-9 .gallery-item{max-width:11.11%}.elementor-image-gallery .gallery-columns-10 .gallery-item{max-width:10%}}@media (min-width:480px) and (max-width:767px){.elementor-image-gallery .gallery.gallery-columns-2 .gallery-item,.elementor-image-gallery .gallery.gallery-columns-3 .gallery-item,.elementor-image-gallery .gallery.gallery-columns-4 .gallery-item,.elementor-image-gallery .gallery.gallery-columns-5 .gallery-item,.elementor-image-gallery .gallery.gallery-columns-6 .gallery-item,.elementor-image-gallery .gallery.gallery-columns-7 .gallery-item,.elementor-image-gallery .gallery.gallery-columns-8 .gallery-item,.elementor-image-gallery .gallery.gallery-columns-9 .gallery-item,.elementor-image-gallery .gallery.gallery-columns-10 .gallery-item{max-width:50%}}@media (max-width:479px){.elementor-image-gallery .gallery.gallery-columns-2 .gallery-item,.elementor-image-gallery .gallery.gallery-columns-3 .gallery-item,.elementor-image-gallery .gallery.gallery-columns-4 .gallery-item,.elementor-image-gallery .gallery.gallery-columns-5 .gallery-item,.elementor-image-gallery .gallery.gallery-columns-6 .gallery-item,.elementor-image-gallery .gallery.gallery-columns-7 .gallery-item,.elementor-image-gallery .gallery.gallery-columns-8 .gallery-item,.elementor-image-gallery .gallery.gallery-columns-9 .gallery-item,.elementor-image-gallery .gallery.gallery-columns-10 .gallery-item{max-width:100%}}<\/style>\t\t<div class=\"elementor-image-gallery\">\n\t\t\t<div id='gallery-1' class='gallery galleryid-200 gallery-columns-3 gallery-size-1536x1536'><figure class='gallery-item'>\n\t\t\t<div class='gallery-icon landscape'>\n\t\t\t\t<a data-elementor-open-lightbox=\"yes\" data-elementor-lightbox-slideshow=\"ac7fe4c\" data-elementor-lightbox-title=\"default\" data-e-action-hash=\"#elementor-action%3Aaction%3Dlightbox%26settings%3DeyJpZCI6NzEyLCJ1cmwiOiJodHRwOlwvXC93d3cuZG9vcnRlY2guY29tLnRyXC93cC1jb250ZW50XC91cGxvYWRzXC8yMDIzXC8wMlwvMDA0LXNjYWxlZC5qcGciLCJzbGlkZXNob3ciOiJhYzdmZTRjIn0%3D\" href='http:\/\/www.doortech.com.tr\/wp-content\/uploads\/2023\/02\/004-scaled.jpg'><img width=\"1536\" height=\"864\" src=\"http:\/\/www.doortech.com.tr\/wp-content\/uploads\/2023\/02\/004-1536x864.jpg\" class=\"attachment-1536x1536 size-1536x1536\" alt=\"\" decoding=\"async\" loading=\"lazy\" srcset=\"http:\/\/www.doortech.com.tr\/wp-content\/uploads\/2023\/02\/004-1536x864.jpg 1536w, http:\/\/www.doortech.com.tr\/wp-content\/uploads\/2023\/02\/004-300x169.jpg 300w, http:\/\/www.doortech.com.tr\/wp-content\/uploads\/2023\/02\/004-1024x576.jpg 1024w, http:\/\/www.doortech.com.tr\/wp-content\/uploads\/2023\/02\/004-768x432.jpg 768w, http:\/\/www.doortech.com.tr\/wp-content\/uploads\/2023\/02\/004-2048x1152.jpg 2048w, http:\/\/www.doortech.com.tr\/wp-content\/uploads\/2023\/02\/004-18x10.jpg 18w, http:\/\/www.doortech.com.tr\/wp-content\/uploads\/2023\/02\/004-600x338.jpg 600w\" sizes=\"(max-width: 1536px) 100vw, 1536px\" \/><\/a>\n\t\t\t<\/div><\/figure><figure class='gallery-item'>\n\t\t\t<div class='gallery-icon landscape'>\n\t\t\t\t<a data-elementor-open-lightbox=\"yes\" data-elementor-lightbox-slideshow=\"ac7fe4c\" data-elementor-lightbox-title=\"default\" data-e-action-hash=\"#elementor-action%3Aaction%3Dlightbox%26settings%3DeyJpZCI6NzEzLCJ1cmwiOiJodHRwOlwvXC93d3cuZG9vcnRlY2guY29tLnRyXC93cC1jb250ZW50XC91cGxvYWRzXC8yMDIzXC8wMlwvMDA4LXNjYWxlZC5qcGciLCJzbGlkZXNob3ciOiJhYzdmZTRjIn0%3D\" href='http:\/\/www.doortech.com.tr\/wp-content\/uploads\/2023\/02\/008-scaled.jpg'><img width=\"1536\" height=\"864\" src=\"http:\/\/www.doortech.com.tr\/wp-content\/uploads\/2023\/02\/008-1536x864.jpg\" class=\"attachment-1536x1536 size-1536x1536\" alt=\"\" decoding=\"async\" loading=\"lazy\" srcset=\"http:\/\/www.doortech.com.tr\/wp-content\/uploads\/2023\/02\/008-1536x864.jpg 1536w, http:\/\/www.doortech.com.tr\/wp-content\/uploads\/2023\/02\/008-300x169.jpg 300w, http:\/\/www.doortech.com.tr\/wp-content\/uploads\/2023\/02\/008-1024x576.jpg 1024w, http:\/\/www.doortech.com.tr\/wp-content\/uploads\/2023\/02\/008-768x432.jpg 768w, http:\/\/www.doortech.com.tr\/wp-content\/uploads\/2023\/02\/008-2048x1152.jpg 2048w, http:\/\/www.doortech.com.tr\/wp-content\/uploads\/2023\/02\/008-18x10.jpg 18w, http:\/\/www.doortech.com.tr\/wp-content\/uploads\/2023\/02\/008-600x338.jpg 600w\" sizes=\"(max-width: 1536px) 100vw, 1536px\" \/><\/a>\n\t\t\t<\/div><\/figure><figure class='gallery-item'>\n\t\t\t<div class='gallery-icon landscape'>\n\t\t\t\t<a data-elementor-open-lightbox=\"yes\" data-elementor-lightbox-slideshow=\"ac7fe4c\" data-elementor-lightbox-title=\"default\" data-e-action-hash=\"#elementor-action%3Aaction%3Dlightbox%26settings%3DeyJpZCI6NzE0LCJ1cmwiOiJodHRwOlwvXC93d3cuZG9vcnRlY2guY29tLnRyXC93cC1jb250ZW50XC91cGxvYWRzXC8yMDIzXC8wMlwvMDEyLXNjYWxlZC5qcGciLCJzbGlkZXNob3ciOiJhYzdmZTRjIn0%3D\" href='http:\/\/www.doortech.com.tr\/wp-content\/uploads\/2023\/02\/012-scaled.jpg'><img width=\"1536\" height=\"864\" src=\"http:\/\/www.doortech.com.tr\/wp-content\/uploads\/2023\/02\/012-1536x864.jpg\" class=\"attachment-1536x1536 size-1536x1536\" alt=\"\" decoding=\"async\" loading=\"lazy\" srcset=\"http:\/\/www.doortech.com.tr\/wp-content\/uploads\/2023\/02\/012-1536x864.jpg 1536w, http:\/\/www.doortech.com.tr\/wp-content\/uploads\/2023\/02\/012-300x169.jpg 300w, http:\/\/www.doortech.com.tr\/wp-content\/uploads\/2023\/02\/012-1024x576.jpg 1024w, http:\/\/www.doortech.com.tr\/wp-content\/uploads\/2023\/02\/012-768x432.jpg 768w, http:\/\/www.doortech.com.tr\/wp-content\/uploads\/2023\/02\/012-2048x1152.jpg 2048w, http:\/\/www.doortech.com.tr\/wp-content\/uploads\/2023\/02\/012-18x10.jpg 18w, http:\/\/www.doortech.com.tr\/wp-content\/uploads\/2023\/02\/012-600x338.jpg 600w\" sizes=\"(max-width: 1536px) 100vw, 1536px\" \/><\/a>\n\t\t\t<\/div><\/figure><figure class='gallery-item'>\n\t\t\t<div class='gallery-icon landscape'>\n\t\t\t\t<a data-elementor-open-lightbox=\"yes\" data-elementor-lightbox-slideshow=\"ac7fe4c\" data-elementor-lightbox-title=\"058\" data-e-action-hash=\"#elementor-action%3Aaction%3Dlightbox%26settings%3DeyJpZCI6NzEwLCJ1cmwiOiJodHRwOlwvXC93d3cuZG9vcnRlY2guY29tLnRyXC93cC1jb250ZW50XC91cGxvYWRzXC8yMDIzXC8wMlwvMDU4LXNjYWxlZC5qcGciLCJzbGlkZXNob3ciOiJhYzdmZTRjIn0%3D\" href='http:\/\/www.doortech.com.tr\/wp-content\/uploads\/2023\/02\/058-scaled.jpg'><img width=\"1536\" height=\"1024\" src=\"http:\/\/www.doortech.com.tr\/wp-content\/uploads\/2023\/02\/058-1536x1024.jpg\" class=\"attachment-1536x1536 size-1536x1536\" alt=\"\" decoding=\"async\" loading=\"lazy\" srcset=\"http:\/\/www.doortech.com.tr\/wp-content\/uploads\/2023\/02\/058-1536x1024.jpg 1536w, http:\/\/www.doortech.com.tr\/wp-content\/uploads\/2023\/02\/058-300x200.jpg 300w, http:\/\/www.doortech.com.tr\/wp-content\/uploads\/2023\/02\/058-1024x683.jpg 1024w, http:\/\/www.doortech.com.tr\/wp-content\/uploads\/2023\/02\/058-768x512.jpg 768w, http:\/\/www.doortech.com.tr\/wp-content\/uploads\/2023\/02\/058-2048x1365.jpg 2048w, http:\/\/www.doortech.com.tr\/wp-content\/uploads\/2023\/02\/058-18x12.jpg 18w, http:\/\/www.doortech.com.tr\/wp-content\/uploads\/2023\/02\/058-600x400.jpg 600w\" sizes=\"(max-width: 1536px) 100vw, 1536px\" \/><\/a>\n\t\t\t<\/div><\/figure><figure class='gallery-item'>\n\t\t\t<div class='gallery-icon landscape'>\n\t\t\t\t<a data-elementor-open-lightbox=\"yes\" data-elementor-lightbox-slideshow=\"ac7fe4c\" data-elementor-lightbox-title=\"072\" data-e-action-hash=\"#elementor-action%3Aaction%3Dlightbox%26settings%3DeyJpZCI6NzExLCJ1cmwiOiJodHRwOlwvXC93d3cuZG9vcnRlY2guY29tLnRyXC93cC1jb250ZW50XC91cGxvYWRzXC8yMDIzXC8wMlwvMDcyLXNjYWxlZC5qcGciLCJzbGlkZXNob3ciOiJhYzdmZTRjIn0%3D\" href='http:\/\/www.doortech.com.tr\/wp-content\/uploads\/2023\/02\/072-scaled.jpg'><img width=\"1536\" height=\"1024\" src=\"http:\/\/www.doortech.com.tr\/wp-content\/uploads\/2023\/02\/072-1536x1024.jpg\" class=\"attachment-1536x1536 size-1536x1536\" alt=\"\" decoding=\"async\" loading=\"lazy\" srcset=\"http:\/\/www.doortech.com.tr\/wp-content\/uploads\/2023\/02\/072-1536x1024.jpg 1536w, http:\/\/www.doortech.com.tr\/wp-content\/uploads\/2023\/02\/072-300x200.jpg 300w, http:\/\/www.doortech.com.tr\/wp-content\/uploads\/2023\/02\/072-1024x683.jpg 1024w, http:\/\/www.doortech.com.tr\/wp-content\/uploads\/2023\/02\/072-768x512.jpg 768w, http:\/\/www.doortech.com.tr\/wp-content\/uploads\/2023\/02\/072-2048x1365.jpg 2048w, http:\/\/www.doortech.com.tr\/wp-content\/uploads\/2023\/02\/072-18x12.jpg 18w, http:\/\/www.doortech.com.tr\/wp-content\/uploads\/2023\/02\/072-600x400.jpg 600w\" sizes=\"(max-width: 1536px) 100vw, 1536px\" \/><\/a>\n\t\t\t<\/div><\/figure><figure class='gallery-item'>\n\t\t\t<div class='gallery-icon landscape'>\n\t\t\t\t<a data-elementor-open-lightbox=\"yes\" data-elementor-lightbox-slideshow=\"ac7fe4c\" data-elementor-lightbox-title=\"021\" data-e-action-hash=\"#elementor-action%3Aaction%3Dlightbox%26settings%3DeyJpZCI6NzE1LCJ1cmwiOiJodHRwOlwvXC93d3cuZG9vcnRlY2guY29tLnRyXC93cC1jb250ZW50XC91cGxvYWRzXC8yMDIzXC8wMlwvMDIxLXNjYWxlZC5qcGciLCJzbGlkZXNob3ciOiJhYzdmZTRjIn0%3D\" href='http:\/\/www.doortech.com.tr\/wp-content\/uploads\/2023\/02\/021-scaled.jpg'><img width=\"1536\" height=\"1024\" src=\"http:\/\/www.doortech.com.tr\/wp-content\/uploads\/2023\/02\/021-1536x1024.jpg\" class=\"attachment-1536x1536 size-1536x1536\" alt=\"\" decoding=\"async\" loading=\"lazy\" srcset=\"http:\/\/www.doortech.com.tr\/wp-content\/uploads\/2023\/02\/021-1536x1024.jpg 1536w, http:\/\/www.doortech.com.tr\/wp-content\/uploads\/2023\/02\/021-300x200.jpg 300w, http:\/\/www.doortech.com.tr\/wp-content\/uploads\/2023\/02\/021-1024x683.jpg 1024w, http:\/\/www.doortech.com.tr\/wp-content\/uploads\/2023\/02\/021-768x512.jpg 768w, http:\/\/www.doortech.com.tr\/wp-content\/uploads\/2023\/02\/021-2048x1365.jpg 2048w, http:\/\/www.doortech.com.tr\/wp-content\/uploads\/2023\/02\/021-18x12.jpg 18w, http:\/\/www.doortech.com.tr\/wp-content\/uploads\/2023\/02\/021-600x400.jpg 600w\" sizes=\"(max-width: 1536px) 100vw, 1536px\" \/><\/a>\n\t\t\t<\/div><\/figure><figure class='gallery-item'>\n\t\t\t<div class='gallery-icon landscape'>\n\t\t\t\t<a data-elementor-open-lightbox=\"yes\" data-elementor-lightbox-slideshow=\"ac7fe4c\" data-elementor-lightbox-title=\"032\" data-e-action-hash=\"#elementor-action%3Aaction%3Dlightbox%26settings%3DeyJpZCI6NzE2LCJ1cmwiOiJodHRwOlwvXC93d3cuZG9vcnRlY2guY29tLnRyXC93cC1jb250ZW50XC91cGxvYWRzXC8yMDIzXC8wMlwvMDMyLXNjYWxlZC5qcGciLCJzbGlkZXNob3ciOiJhYzdmZTRjIn0%3D\" href='http:\/\/www.doortech.com.tr\/wp-content\/uploads\/2023\/02\/032-scaled.jpg'><img width=\"1536\" height=\"1024\" src=\"http:\/\/www.doortech.com.tr\/wp-content\/uploads\/2023\/02\/032-1536x1024.jpg\" class=\"attachment-1536x1536 size-1536x1536\" alt=\"\" decoding=\"async\" loading=\"lazy\" srcset=\"http:\/\/www.doortech.com.tr\/wp-content\/uploads\/2023\/02\/032-1536x1024.jpg 1536w, http:\/\/www.doortech.com.tr\/wp-content\/uploads\/2023\/02\/032-300x200.jpg 300w, http:\/\/www.doortech.com.tr\/wp-content\/uploads\/2023\/02\/032-1024x683.jpg 1024w, http:\/\/www.doortech.com.tr\/wp-content\/uploads\/2023\/02\/032-768x512.jpg 768w, http:\/\/www.doortech.com.tr\/wp-content\/uploads\/2023\/02\/032-2048x1365.jpg 2048w, http:\/\/www.doortech.com.tr\/wp-content\/uploads\/2023\/02\/032-18x12.jpg 18w, http:\/\/www.doortech.com.tr\/wp-content\/uploads\/2023\/02\/032-600x400.jpg 600w\" sizes=\"(max-width: 1536px) 100vw, 1536px\" \/><\/a>\n\t\t\t<\/div><\/figure><figure class='gallery-item'>\n\t\t\t<div class='gallery-icon landscape'>\n\t\t\t\t<a data-elementor-open-lightbox=\"yes\" data-elementor-lightbox-slideshow=\"ac7fe4c\" data-elementor-lightbox-title=\"033\" data-e-action-hash=\"#elementor-action%3Aaction%3Dlightbox%26settings%3DeyJpZCI6NzE3LCJ1cmwiOiJodHRwOlwvXC93d3cuZG9vcnRlY2guY29tLnRyXC93cC1jb250ZW50XC91cGxvYWRzXC8yMDIzXC8wMlwvMDMzLXNjYWxlZC5qcGciLCJzbGlkZXNob3ciOiJhYzdmZTRjIn0%3D\" href='http:\/\/www.doortech.com.tr\/wp-content\/uploads\/2023\/02\/033-scaled.jpg'><img width=\"1536\" height=\"1024\" src=\"http:\/\/www.doortech.com.tr\/wp-content\/uploads\/2023\/02\/033-1536x1024.jpg\" class=\"attachment-1536x1536 size-1536x1536\" alt=\"\" decoding=\"async\" loading=\"lazy\" srcset=\"http:\/\/www.doortech.com.tr\/wp-content\/uploads\/2023\/02\/033-1536x1024.jpg 1536w, http:\/\/www.doortech.com.tr\/wp-content\/uploads\/2023\/02\/033-300x200.jpg 300w, http:\/\/www.doortech.com.tr\/wp-content\/uploads\/2023\/02\/033-1024x683.jpg 1024w, http:\/\/www.doortech.com.tr\/wp-content\/uploads\/2023\/02\/033-768x512.jpg 768w, http:\/\/www.doortech.com.tr\/wp-content\/uploads\/2023\/02\/033-2048x1365.jpg 2048w, http:\/\/www.doortech.com.tr\/wp-content\/uploads\/2023\/02\/033-18x12.jpg 18w, http:\/\/www.doortech.com.tr\/wp-content\/uploads\/2023\/02\/033-600x400.jpg 600w\" sizes=\"(max-width: 1536px) 100vw, 1536px\" \/><\/a>\n\t\t\t<\/div><\/figure><figure class='gallery-item'>\n\t\t\t<div class='gallery-icon landscape'>\n\t\t\t\t<a data-elementor-open-lightbox=\"yes\" data-elementor-lightbox-slideshow=\"ac7fe4c\" data-elementor-lightbox-title=\"037\" data-e-action-hash=\"#elementor-action%3Aaction%3Dlightbox%26settings%3DeyJpZCI6NzE4LCJ1cmwiOiJodHRwOlwvXC93d3cuZG9vcnRlY2guY29tLnRyXC93cC1jb250ZW50XC91cGxvYWRzXC8yMDIzXC8wMlwvMDM3LXNjYWxlZC5qcGciLCJzbGlkZXNob3ciOiJhYzdmZTRjIn0%3D\" href='http:\/\/www.doortech.com.tr\/wp-content\/uploads\/2023\/02\/037-scaled.jpg'><img width=\"1536\" height=\"1024\" src=\"http:\/\/www.doortech.com.tr\/wp-content\/uploads\/2023\/02\/037-1536x1024.jpg\" class=\"attachment-1536x1536 size-1536x1536\" alt=\"\" decoding=\"async\" loading=\"lazy\" srcset=\"http:\/\/www.doortech.com.tr\/wp-content\/uploads\/2023\/02\/037-1536x1024.jpg 1536w, http:\/\/www.doortech.com.tr\/wp-content\/uploads\/2023\/02\/037-300x200.jpg 300w, http:\/\/www.doortech.com.tr\/wp-content\/uploads\/2023\/02\/037-1024x683.jpg 1024w, http:\/\/www.doortech.com.tr\/wp-content\/uploads\/2023\/02\/037-768x512.jpg 768w, http:\/\/www.doortech.com.tr\/wp-content\/uploads\/2023\/02\/037-2048x1365.jpg 2048w, http:\/\/www.doortech.com.tr\/wp-content\/uploads\/2023\/02\/037-18x12.jpg 18w, http:\/\/www.doortech.com.tr\/wp-content\/uploads\/2023\/02\/037-600x400.jpg 600w\" sizes=\"(max-width: 1536px) 100vw, 1536px\" \/><\/a>\n\t\t\t<\/div><\/figure><figure class='gallery-item'>\n\t\t\t<div class='gallery-icon landscape'>\n\t\t\t\t<a data-elementor-open-lightbox=\"yes\" data-elementor-lightbox-slideshow=\"ac7fe4c\" data-elementor-lightbox-title=\"038\" data-e-action-hash=\"#elementor-action%3Aaction%3Dlightbox%26settings%3DeyJpZCI6NzE5LCJ1cmwiOiJodHRwOlwvXC93d3cuZG9vcnRlY2guY29tLnRyXC93cC1jb250ZW50XC91cGxvYWRzXC8yMDIzXC8wMlwvMDM4LXNjYWxlZC5qcGciLCJzbGlkZXNob3ciOiJhYzdmZTRjIn0%3D\" href='http:\/\/www.doortech.com.tr\/wp-content\/uploads\/2023\/02\/038-scaled.jpg'><img width=\"1536\" height=\"1024\" src=\"http:\/\/www.doortech.com.tr\/wp-content\/uploads\/2023\/02\/038-1536x1024.jpg\" class=\"attachment-1536x1536 size-1536x1536\" alt=\"\" decoding=\"async\" loading=\"lazy\" srcset=\"http:\/\/www.doortech.com.tr\/wp-content\/uploads\/2023\/02\/038-1536x1024.jpg 1536w, http:\/\/www.doortech.com.tr\/wp-content\/uploads\/2023\/02\/038-300x200.jpg 300w, http:\/\/www.doortech.com.tr\/wp-content\/uploads\/2023\/02\/038-1024x683.jpg 1024w, http:\/\/www.doortech.com.tr\/wp-content\/uploads\/2023\/02\/038-768x512.jpg 768w, http:\/\/www.doortech.com.tr\/wp-content\/uploads\/2023\/02\/038-2048x1365.jpg 2048w, http:\/\/www.doortech.com.tr\/wp-content\/uploads\/2023\/02\/038-18x12.jpg 18w, http:\/\/www.doortech.com.tr\/wp-content\/uploads\/2023\/02\/038-600x400.jpg 600w\" sizes=\"(max-width: 1536px) 100vw, 1536px\" \/><\/a>\n\t\t\t<\/div><\/figure><figure class='gallery-item'>\n\t\t\t<div class='gallery-icon landscape'>\n\t\t\t\t<a data-elementor-open-lightbox=\"yes\" data-elementor-lightbox-slideshow=\"ac7fe4c\" data-elementor-lightbox-title=\"041\" data-e-action-hash=\"#elementor-action%3Aaction%3Dlightbox%26settings%3DeyJpZCI6NzIwLCJ1cmwiOiJodHRwOlwvXC93d3cuZG9vcnRlY2guY29tLnRyXC93cC1jb250ZW50XC91cGxvYWRzXC8yMDIzXC8wMlwvMDQxLXNjYWxlZC5qcGciLCJzbGlkZXNob3ciOiJhYzdmZTRjIn0%3D\" href='http:\/\/www.doortech.com.tr\/wp-content\/uploads\/2023\/02\/041-scaled.jpg'><img width=\"1536\" height=\"1024\" src=\"http:\/\/www.doortech.com.tr\/wp-content\/uploads\/2023\/02\/041-1536x1024.jpg\" class=\"attachment-1536x1536 size-1536x1536\" alt=\"\" decoding=\"async\" loading=\"lazy\" srcset=\"http:\/\/www.doortech.com.tr\/wp-content\/uploads\/2023\/02\/041-1536x1024.jpg 1536w, http:\/\/www.doortech.com.tr\/wp-content\/uploads\/2023\/02\/041-300x200.jpg 300w, http:\/\/www.doortech.com.tr\/wp-content\/uploads\/2023\/02\/041-1024x683.jpg 1024w, http:\/\/www.doortech.com.tr\/wp-content\/uploads\/2023\/02\/041-768x512.jpg 768w, http:\/\/www.doortech.com.tr\/wp-content\/uploads\/2023\/02\/041-2048x1365.jpg 2048w, http:\/\/www.doortech.com.tr\/wp-content\/uploads\/2023\/02\/041-18x12.jpg 18w, http:\/\/www.doortech.com.tr\/wp-content\/uploads\/2023\/02\/041-600x400.jpg 600w\" sizes=\"(max-width: 1536px) 100vw, 1536px\" \/><\/a>\n\t\t\t<\/div><\/figure>\n\t\t<\/div>\n\t\t<\/div>\n\t\t\t\t<\/div>\n\t\t\t\t<\/div>\n\t\t\t\t\t<\/div>\n\t\t<\/div>\n\t\t\t\t\t\t\t<\/div>\n\t\t<\/section>\n\t\t\t\t\t\t\t<\/div>","protected":false},"excerpt":{"rendered":"<p>Hakk\u0131m\u0131zda Minimum Enerji T\u00fcketimi Tasar\u0131mlar\u0131m\u0131zda minimum enerji t\u00fcketimi sa\u011flayan \u00fcr\u00fcnler geli\u015ftirerek m\u00fc\u015fterilerimizin karl\u0131l\u0131\u011f\u0131n\u0131 artt\u0131rmay\u0131 hedefliyoruz. Tan\u0131t\u0131m Filmi<\/p>","protected":false},"author":1,"featured_media":0,"parent":0,"menu_order":0,"comment_status":"closed","ping_status":"closed","template":"elementor_header_footer","meta":[],"_links":{"self":[{"href":"http:\/\/www.doortech.com.tr\/ru\/wp-json\/wp\/v2\/pages\/200"}],"collection":[{"href":"http:\/\/www.doortech.com.tr\/ru\/wp-json\/wp\/v2\/pages"}],"about":[{"href":"http:\/\/www.doortech.com.tr\/ru\/wp-json\/wp\/v2\/types\/page"}],"author":[{"embeddable":true,"href":"http:\/\/www.doortech.com.tr\/ru\/wp-json\/wp\/v2\/users\/1"}],"replies":[{"embeddable":true,"href":"http:\/\/www.doortech.com.tr\/ru\/wp-json\/wp\/v2\/comments?post=200"}],"version-history":[{"count":12,"href":"http:\/\/www.doortech.com.tr\/ru\/wp-json\/wp\/v2\/pages\/200\/revisions"}],"predecessor-version":[{"id":736,"href":"http:\/\/www.doortech.com.tr\/ru\/wp-json\/wp\/v2\/pages\/200\/revisions\/736"}],"wp:attachment":[{"href":"http:\/\/www.doortech.com.tr\/ru\/wp-json\/wp\/v2\/media?parent=200"}],"curies":[{"name":"wp","href":"https:\/\/api.w.org\/{rel}","templated":true}]}}